{"id":47,"date":"2024-02-12T18:55:22","date_gmt":"2024-02-12T18:55:22","guid":{"rendered":"https:\/\/svenskelektronik.acrowd.se\/?page_id=47"},"modified":"2026-02-19T11:39:06","modified_gmt":"2026-02-19T10:39:06","slug":"kontakta-oss","status":"publish","type":"page","link":"https:\/\/www.swetic.org\/en\/kontakta-oss\/","title":{"rendered":"Contact us"},"content":{"rendered":"<div style=\"height:var(--wp--preset--spacing--80)\" aria-hidden=\"true\" class=\"wp-block-spacer\"><\/div>\n\n\n\n<div class=\"wp-block-columns alignwide is-layout-flex wp-container-core-columns-is-layout-9d6595d7 wp-block-columns-is-layout-flex\">\n<div class=\"wp-block-column is-content-justification-left is-layout-constrained wp-container-core-column-is-layout-2f799918 wp-block-column-is-layout-constrained\">\n<h1 class=\"wp-block-heading alignwide\">Contact us<\/h1>\n\n\n\n<p>Here you will find our contact information.<\/p>\n\n\n\n<p>Swetic has an office at The Federation of Swedish Innovation Companies<\/p>\n<\/div>\n\n\n\n<div class=\"wp-block-column is-vertically-aligned-top is-content-justification-right is-layout-constrained wp-container-core-column-is-layout-b1143090 wp-block-column-is-layout-constrained\"><div  class=\"tebab-block-icon_list\">\n            <div class=\"row\">\n            <div class=\"wrapper\">\n                <img decoding=\"async\" src=\"https:\/\/www.swetic.org\/wp-content\/uploads\/2024\/03\/call_swetic.png\" alt=\"\">\n            <\/div>\n                            <a href=\"tel:08-762 67 00\" class=\"text h4\">\n                    08-762 67 00                 <\/a>\n                    <\/div>\n            <div class=\"row\">\n            <div class=\"wrapper\">\n                <img decoding=\"async\" src=\"https:\/\/www.swetic.org\/wp-content\/uploads\/2024\/03\/Mail_swetic-1.png\" alt=\"\">\n            <\/div>\n                            <a href=\"mailto:kansliet@swetic.org\" class=\"text h4\">\n                    kansliet@swetic.org                <\/a>\n                    <\/div>\n            <div class=\"row\">\n            <div class=\"wrapper\">\n                <img decoding=\"async\" src=\"https:\/\/www.swetic.org\/wp-content\/uploads\/2024\/03\/besok_swetic.png\" alt=\"\">\n            <\/div>\n                            <div class=\"text h4\">\n                    Storgatan 19, Stockholm                <\/div>\n                    <\/div>\n    <\/div><\/div>\n<\/div>\n\n\n\n<div style=\"height:10px\" aria-hidden=\"true\" class=\"wp-block-spacer\"><\/div>\n\n\n\n<h1 class=\"wp-block-heading alignwide\">Our office<\/h1>\n\n\n\n<div style=\"height:20px\" aria-hidden=\"true\" class=\"wp-block-spacer\"><\/div>\n\n\n<section  class=\"tebab-block-person_grid alignwide layout-small\">\n    <div class=\"contained\">\n        <div class=\"grid\">\n            <div class=\"person-card\">\n    \n            <div class=\"featured_image\">\n            <img loading=\"lazy\" decoding=\"async\" width=\"150\" height=\"150\" src=\"https:\/\/www.swetic.org\/wp-content\/uploads\/2024\/04\/BRG_5414-150x150.jpg\" class=\"attachment-thumbnail size-thumbnail\" alt=\"\" \/>        <\/div>\n    \n    <div class=\"content-wrapper\">\n        <div class=\"top\">\n                            <div class=\"title\">\n                    DEKRA Industrial AB                <\/div>\n                    <\/div>\n        \n        <h3>Jorgen Backersg\u00e5rd<\/h3>\n\n                    <div class=\"excerpt\">\n                President            <\/div>\n        \n        <div class=\"links\">\n            \n                            <a href=\"mailto:jorgen.backersgard@dekra.com\">\n                    <div class=\"icon icon-envelope\"><\/div> jorgen.backersgard@dekra.com                <\/a>\n                    <\/div>\n        \n    <\/div>\n<\/div>        <\/div>\n    <\/div>\n<\/section>\n\n\n<div style=\"height:0px\" aria-hidden=\"true\" class=\"wp-block-spacer\"><\/div>\n\n\n\n<div style=\"height:81px\" aria-hidden=\"true\" class=\"wp-block-spacer\"><\/div>\n\n\n\n<div class=\"wp-block-group alignwide tebab-form-image is-content-justification-left is-nowrap is-layout-flex wp-container-core-group-is-layout-f56a869c wp-block-group-is-layout-flex\">\n<figure class=\"wp-block-gallery has-nested-images columns-default is-cropped wp-block-gallery-1 is-layout-flex wp-block-gallery-is-layout-flex\"><\/figure>\n<\/div>\n\n\n\n<div style=\"height:81px\" aria-hidden=\"true\" class=\"wp-block-spacer\"><\/div>","protected":false},"excerpt":{"rendered":"<p>Kontakta oss H\u00e4r hittar du kontaktuppgifter till oss. Swetic har kansli hos Innovationsf\u00f6retagen. V\u00e5rt kansli<\/p>","protected":false},"author":1,"featured_media":0,"parent":0,"menu_order":0,"comment_status":"closed","ping_status":"closed","template":"","meta":{"footnotes":""},"class_list":["post-47","page","type-page","status-publish","hentry"],"acf":[],"_links":{"self":[{"href":"https:\/\/www.swetic.org\/en\/wp-json\/wp\/v2\/pages\/47","targetHints":{"allow":["GET"]}}],"collection":[{"href":"https:\/\/www.swetic.org\/en\/wp-json\/wp\/v2\/pages"}],"about":[{"href":"https:\/\/www.swetic.org\/en\/wp-json\/wp\/v2\/types\/page"}],"author":[{"embeddable":true,"href":"https:\/\/www.swetic.org\/en\/wp-json\/wp\/v2\/users\/1"}],"replies":[{"embeddable":true,"href":"https:\/\/www.swetic.org\/en\/wp-json\/wp\/v2\/comments?post=47"}],"version-history":[{"count":11,"href":"https:\/\/www.swetic.org\/en\/wp-json\/wp\/v2\/pages\/47\/revisions"}],"predecessor-version":[{"id":1702253,"href":"https:\/\/www.swetic.org\/en\/wp-json\/wp\/v2\/pages\/47\/revisions\/1702253"}],"wp:attachment":[{"href":"https:\/\/www.swetic.org\/en\/wp-json\/wp\/v2\/media?parent=47"}],"curies":[{"name":"wp","href":"https:\/\/api.w.org\/{rel}","templated":true}]}}